{"id":1711,"date":"2019-04-08T14:44:04","date_gmt":"2019-04-08T14:44:04","guid":{"rendered":"https:\/\/leepix.dk\/?page_id=1711"},"modified":"2024-10-22T12:38:39","modified_gmt":"2024-10-22T10:38:39","slug":"referencer","status":"publish","type":"page","link":"https:\/\/leepix.dk\/index.php\/referencer\/","title":{"rendered":"Referencer"},"content":{"rendered":"<body>\n<p>Skal du s\u00e6lge din bolig, s\u00e5 kan du springe 1-2 led over og bestille billeder, plantegning, maste-\/dronefotos og 360 graders billeder direkte hos mig. Jeg er en af Danmark\u00b4s mest flittige boligfotografer ! Siden juli 2012 har jeg skudt <strong>6412<\/strong> <strong>boliger<\/strong> (pr. 14.02.21) over hele Danmark. Der har v\u00e6ret salgspriser fra kr. 200.000,- til 45 mio. kr. Jeg skyder almindelige huse, lejligheder, sommerhuse, liebhaveri, landbrug, projektbyggeri, udlejningsejendomme, erhverv, ny-byg, grundsalg og \u201dmagasin-billeder\u201d.<\/p>\n\n\n\n<p>Du kan f\u00e5 r\u00e5d og vejledning af mig til at klarg\u00f8re dit hjem (med dine egne ting), og jeg giver gerne en h\u00e5nd med. Din bolig skal fremst\u00e5 bedst muligt i salgsannoncen og forh\u00e5bentlig skille sig ud fra de andre, s\u00e5 du kan f\u00e5 et tilfredsstillende og hurtigt salg.<\/p>\n\n\n\n<p>I stedet for at give op til kr. 8.500,- hos en m\u00e6gler, skal du her give <strong>kr. 2.400,-<\/strong> incl. moms for en \u201calmindelig pakke\u201d. Der vil v\u00e6re till\u00e6g for broafgift samt evt. f\u00e6rgeoverfart. Er certificeret dronepilot; een af de f\u00f8rste piger i Danmark. Dronefotos aftales der s\u00e6rskilt pris p\u00e5, den bliver tilpasset dit behov for billeder.<\/p>\n\n\n\n<p>Har samarbejdsaftale med flere m\u00e6glere p\u00e5 Sj\u00e6lland, tjek listen nedenfor.<\/p>\n\n\n\n<p class=\"has-text-align-center\"><strong>Skriv p\u00e5 <a href=\"mailto:mail@leepix.dk\">mail@leepix.dk<\/a> eller ring p\u00e5 40 316 317. <\/strong>N\u00e6rmere info under \u201dKontakt mig :-)\u201d<\/p>\n\n\n\n<p>Find dit postnummer og se, om jeg har skudt billeder for din -kommende- ejendomsm\u00e6gler \ud83d\ude42<\/p>\n\n\n\n<ul class=\"wp-block-list\">\n<li>1069 \u2013 EDC \u2013 Bremerholm 29<\/li>\n\n\n\n<li>1200 \u2013 Home Erhvervscenter \u2013 H\u00f8jbro Plads 13<\/li>\n\n\n\n<li>1260 \u2013 Siesbye Kapsch \u2013 Bredgade 30<\/li>\n\n\n\n<li>1358 \u2013 EDC \u2013 N\u00f8rre Voldgade 104<\/li>\n\n\n\n<li>1401 \u2013 Home Christianshavn \u2013 Strandgade 20<\/li>\n\n\n\n<li>1455 \u2013 Notar Ejendomsm\u00e6gleren \u2013 Studiestr\u00e6de 26<\/li>\n\n\n\n<li>(1620 \u2013 Home Bjerregaard &amp; Co. \u2013 Vesterbrogade 43)<\/li>\n\n\n\n<li>1760 \u2013 Home Vesterbro \u2013 Ny Carlsberg Vej 27<\/li>\n\n\n\n<li>1850 \u2013 EDC \u2013  Gl. Kongevej 135<\/li>\n\n\n\n<li>1879 \u2013 Home \u2013 H. C. \u00d8rsteds Vej 51<\/li>\n\n\n\n<li>2000 \u2013 EDC \u2013  Godth\u00e5bsvej 117<\/li>\n\n\n\n<li>2000 \u2013 EDC \u2013  Falkoner All\u00e9 58<\/li>\n\n\n\n<li>2000 \u2013 Home \u2013 All\u00e9gade 28<\/li>\n\n\n\n<li>2000 \u2013 Home \u2013 Falkoner All\u00e9 55<\/li>\n\n\n\n<li>2100 \u2013 EDC \u2013  Nordre Frihavnsgade 41<\/li>\n\n\n\n<li>2200 \u2013 EDC \u2013 N\u00f8rrebrogade 230<\/li>\n\n\n\n<li>2300 \u2013 EDC \u2013 Holmbladsgade 34<\/li>\n\n\n\n<li>2300 \u2013 EDC \u2013 Egilsgade 4<\/li>\n\n\n\n<li>2300 \u2013 EDC \u2013 \u00d8restads Boulevard 61 C, st. th.<\/li>\n\n\n\n<li>2300 \u2013 EDC \u2013 Amagerbrogade 196<\/li>\n\n\n\n<li>2300 \u2013 Home \u2013 \u00d8restads Boulevard 57 D<\/li>\n\n\n\n<li>2300 \u2013 Home \u2013 Kastrupvej 89<\/li>\n\n\n\n<li>2300 \u2013 Home \u2013 Amagerbrogade 154<\/li>\n\n\n\n<li>2300 \u2013 Skovgaard &amp; Co. A\/S \u2013 Eliasgade 10<\/li>\n\n\n\n<li>2300 \u2013 Nybolig Amager \u2013 \u00d8resundsvej 94<\/li>\n\n\n\n<li>2300 \u2013 Nybolig \u00d8restad \u2013 Richard Mortensens Vej 69 A<\/li>\n\n\n\n<li>2400 \u2013 Home Nordvest \u2013 Emdrup \u2013 Frederiksborgvej 13<\/li>\n\n\n\n<li>2500 \u2013 Danbolig \u2013 Fischer &amp; Partnere \u2013 Valby Langgade 114<\/li>\n\n\n\n<li>2500 \u2013 EDC \u2013 \u00c5lholmvej 1<\/li>\n\n\n\n<li>2500 \u2013 Home \u2013 Tofteg\u00e5rds All\u00e9 31<\/li>\n\n\n\n<li>2500 \u2013 Home \u2013 Valby Langgade 203<\/li>\n\n\n\n<li>2600 \u2013 EDC \u2013 N\u00f8rre All\u00e9 6<\/li>\n\n\n\n<li>2600 \u2013 Home \u2013 Hovedvejen 126<\/li>\n\n\n\n<li>2600 \u2013 Dnp Ejendomme ApS \u2013 Ejby Industrivej 38<\/li>\n\n\n\n<li>2610 \u2013 EDC \u2013 Jyllingevej 155<\/li>\n\n\n\n<li>2610 \u2013 Stensdal Group A\/S \u2013 Valh\u00f8js All\u00e9 174-176<\/li>\n\n\n\n<li>2610 \u2013 Nybolig \u2013 R\u00f8dovrevej 264<\/li>\n\n\n\n<li>2620 \u2013 EDC \u2013 Bytorvet 31<\/li>\n\n\n\n<li>2630 \u2013 EDC \u2013 Taastrup Hovedgade 115<\/li>\n\n\n\n<li>2630 \u2013 Home \u2013 Taastrup Hovedgade 105<\/li>\n\n\n\n<li>2635 \u2013 EDC \u2013 Vejlebrovej 114<\/li>\n\n\n\n<li>2640 \u2013 EDC \u2013 Hovedgaden 502<\/li>\n\n\n\n<li>2640 \u2013 Home \u2013 Hovedgaden 427<\/li>\n\n\n\n<li>2650 \u2013 EDC \u2013 Strandmarksvej 11<\/li>\n\n\n\n<li>2665 \u2013 EDC \u2013 Vallensb\u00e6k Strandvej 286<\/li>\n\n\n\n<li>2670 \u2013 EDC \u2013 Hundige Strandvej 197<\/li>\n\n\n\n<li>2670 \u2013 Kjeldskov &amp; Co. \u2013 Hundige Strandvej 218<\/li>\n\n\n\n<li>2670 \u2013 Home \u2013 Hundige Strandvej 216<\/li>\n\n\n\n<li>2670 \u2013 Estate \u2013 Greve Strandvej 38<\/li>\n\n\n\n<li>2670 \u2013 Realm\u00e6glerne \u2013 Greve Strandvej 18<\/li>\n\n\n\n<li>2680 \u2013 EDC \u2013 Solr\u00f8d Center 63<\/li>\n\n\n\n<li>2680 \u2013 Home \u2013 Solr\u00f8d Center 48<\/li>\n\n\n\n<li>2680 \u2013 Kystens Boliger \u2013 Solr\u00f8d Strandvej 79 (tidl. Estate)<\/li>\n\n\n\n<li>2700 \u2013 EDC \u2013 Frederikssundsvej 211<\/li>\n\n\n\n<li>2720 \u2013 EDC \u2013 Jernbane All\u00e9 77<\/li>\n\n\n\n<li>2730 \u2013 EDC \u2013 Kobbervej 8<\/li>\n\n\n\n<li>2750 \u2013 EDC \u2013 Centrumgaden 4<\/li>\n\n\n\n<li>2750 \u2013 BOLIGm\u00e6gleren \u2013 Skyttestr\u00e6de 28<\/li>\n\n\n\n<li>2765 \u2013 EDC \u2013 Skebjergvej 46<\/li>\n\n\n\n<li>2770 \u2013 EDC \u2013 Kongelundsvej 297<\/li>\n\n\n\n<li>2770 \u2013 EDC \u2013 Amager Landevej 90 A<\/li>\n\n\n\n<li>2770 \u2013 Home \u2013 Kongelundsvej 296<\/li>\n\n\n\n<li>2770 \u2013 Realm\u00e6glerne \u2013 Englandsvej 343<\/li>\n\n\n\n<li>2791 \u2013 EDC Living \u2013 Vestgr\u00f8nningen 2<\/li>\n\n\n\n<li>2791 \u2013 EDC B\u00f8gvald \u2013 Krudtt\u00e5rnsvej 8<\/li>\n\n\n\n<li>2791 \u2013 Nybolig Kastrup, T\u00e5rnby, Drag\u00f8r \u2013 Kongelundsvej 305<\/li>\n\n\n\n<li>2800 \u2013 EDC \u2013 Jernbanevej 15<\/li>\n\n\n\n<li>2820 \u2013 EDC \u2013 Gentoftegade 72<\/li>\n\n\n\n<li>2830 \u2013 EDC \u2013 Gr\u00f8nnevej 79<\/li>\n\n\n\n<li>2840 \u2013 EDC \u2013 S\u00f8ller\u00f8dvej 45<\/li>\n\n\n\n<li>2860 \u2013 EDC \u2013 S\u00f8borg Hovedgade 136<\/li>\n\n\n\n<li>2880 \u2013 EDC \u2013 Bagsv\u00e6rd Hovedgade 172<\/li>\n\n\n\n<li>2900 \u2013 EDC \u2013 Strandvejen 130 D<\/li>\n\n\n\n<li>2900 \u2013 Realm\u00e6glerne \u2013 Hellerupvej 8<\/li>\n\n\n\n<li>2920 \u2013 EDC \u2013 Ordrupvej 105<\/li>\n\n\n\n<li>2930 \u2013 Ivan Eltoft Nielsen \u2013 Dyrehavevej 2<\/li>\n\n\n\n<li>2950 \u2013 Helle Skovby \u2013 Vedb\u00e6k Strandvej 329<\/li>\n\n\n\n<li>2970 \u2013 EDC \u2013 Usser\u00f8d Kongevej 14<\/li>\n\n\n\n<li>2970 \u2013 Anna Reventlow \u2013 Segner\u00f8ddalsvej 1<\/li>\n\n\n\n<li>3000 \u2013 EDC \u2013 Stengade 70<\/li>\n\n\n\n<li>3220 \u2013 EDC \u2013 Hovedgaden 46<\/li>\n\n\n\n<li>3230 \u2013 EDC \u2013 Gr\u00e6sted Hovedgade 4 A<\/li>\n\n\n\n<li>3250 \u2013 EDC \u2013 Gilleleje Hovedgade 17<\/li>\n\n\n\n<li>3300 \u2013 EDC \u2013 Torvet 4<\/li>\n\n\n\n<li>3360 \u2013 EDC \u2013 Liselejevej 60<\/li>\n\n\n\n<li>3390 \u2013 EDC \u2013 N\u00f8rregade 28<\/li>\n\n\n\n<li>3400 \u2013 EDC \u2013 S\u00f8ndre Jernbanevej 18 D<\/li>\n\n\n\n<li>3450 \u2013 EDC \u2013 Amtsvej 2<\/li>\n\n\n\n<li>3460 \u2013 EDC \u2013 Stiholmsvej 1<\/li>\n\n\n\n<li>3480 \u2013 EDC \u2013 Jernbanegade 8<\/li>\n\n\n\n<li>3500 \u2013 EDC \u2013 Bymidten 50 E<\/li>\n\n\n\n<li>3520 \u2013 EDC \u2013 Farum Hovedgade 52<\/li>\n\n\n\n<li>3600 \u2013 EDC \u2013 Ny \u00d8stergade 1 A<\/li>\n\n\n\n<li>3660 \u2013 EDC \u2013 Byvej 29<\/li>\n\n\n\n<li>4000 \u2013 EDC \u2013 Skomagergade 21<\/li>\n\n\n\n<li>4000 \u2013 Home \u2013 Ringstedgade 32<\/li>\n\n\n\n<li>4000 \u2013 Home \u2013 RO\u00b4s Torv 1<\/li>\n\n\n\n<li>4000 \u2013 Home Erhverv \u2013 Dronning Margrethes Vej 25 C<\/li>\n\n\n\n<li>4030 \u2013 EDC \u2013 Tune Center 8 B<\/li>\n\n\n\n<li>4040 \u2013 EDC \u2013 Jyllingecentret 7<\/li>\n\n\n\n<li>4100 \u2013 Agrovim\u00e6glerne \u2013 Balstrupvej 90<\/li>\n\n\n\n<li>4100 \u2013 EDC \u2013 N\u00f8rretorv 2<\/li>\n\n\n\n<li>4100 \u2013 Home \u2013 Torvet 4<\/li>\n\n\n\n<li>4100 \u2013 Realm\u00e6glerne \u2013 Sct. Knudsgade 1 D<\/li>\n\n\n\n<li>4180 \u2013 EDC Selandia \u2013 Storgade 13<\/li>\n\n\n\n<li>4180 \u2013 Home \u2013 Slagelsevej 1<\/li>\n\n\n\n<li>4200 \u2013 EDC \u2013 Kors\u00f8rvej 2<\/li>\n\n\n\n<li>4200 \u2013 Home \u2013 Fisketorvet 11<\/li>\n\n\n\n<li>4200 \u2013 Nybolig -Rosengade 11 A<\/li>\n\n\n\n<li>4200 \u2013 Realm\u00e6glerne \u2013 Schweizerpladsen 7<\/li>\n\n\n\n<li>4220 \u2013 EDC BoligEksperterne \u2013 Nygade 2<\/li>\n\n\n\n<li>4220 \u2013 Home \u2013 Torvet 4<\/li>\n\n\n\n<li>4230 \u2013 EDC \u2013 \u00d8stergade 2<\/li>\n\n\n\n<li>4230 \u2013 Home \u2013 Nytorv 2<\/li>\n\n\n\n<li>4293 \u2013 EDC \u2013 Dr. Sells Vej 16<\/li>\n\n\n\n<li>4300 \u2013 EDC \u2013 Ahlgade 3<\/li>\n\n\n\n<li>4300 \u2013 EDC \u2013 Lab\u00e6k 10<\/li>\n\n\n\n<li>4320 \u2013 Home \u2013 Bl\u00e6senborgvej 2 C<\/li>\n\n\n\n<li>4330 \u2013 EDC \u2013 Hovedgaden 25<\/li>\n\n\n\n<li>4340 \u2013 EDC \u2013 T\u00f8ll\u00f8sevej 23<\/li>\n\n\n\n<li>4400 \u2013 EDC \u2013 Elmegade 11 D<\/li>\n\n\n\n<li>4450 \u2013 EDC \u2013 S\u00f8lystvej 5 B<\/li>\n\n\n\n<li>4470 \u2013 EDC \u2013 Centret 1<\/li>\n\n\n\n<li>4500 \u2013 EDC \u2013 Oddenvej 156<\/li>\n\n\n\n<li>4500 \u2013 EDC \u2013 Grundtvigsvej 5<\/li>\n\n\n\n<li>4550 \u2013 EDC \u2013 Storegade 20<\/li>\n\n\n\n<li>4550 \u2013 Ivan Eltoft Nielsen \u2013 Storegade 22<\/li>\n\n\n\n<li>4560 \u2013 EDC \u2013 Ericavej 1 B<\/li>\n\n\n\n<li>4600 \u2013 EDC \u2013 S\u00f8ndre All\u00e9 13<\/li>\n\n\n\n<li>4600 \u2013 EDC Selandia \u2013 N\u00f8rre Boulevard 21<\/li>\n\n\n\n<li>4600 \u2013 Home \u2013 S\u00f8ndre All\u00e9 12<\/li>\n\n\n\n<li>4600 \u2013 Estate \u2013 S\u00f8ndre All\u00e9 15<\/li>\n\n\n\n<li>4600 \u2013 Nybolig \u2013 Torvet 21, 1.<\/li>\n\n\n\n<li>4600 \u2013 Enemark Bolig \u2013 Brogade 6<\/li>\n\n\n\n<li>4622 \u2013 Klein &amp; Adamsen \u2013 Hovedgaden 24<\/li>\n\n\n\n<li>4623 \u2013 EDC Selandia \u2013 Ejbyvej 59<\/li>\n\n\n\n<li>4640 \u2013 Werner Boliger \u2013 Kirketorvet 1 B<\/li>\n\n\n\n<li>4640 \u2013 Realm\u00e6glerne \u2013 R\u00f8nnedevej 62<\/li>\n\n\n\n<li>4640 \u2013 Nybolig \u2013 Kirketorvet 8<\/li>\n\n\n\n<li>4640 \u2013 DanskeBolig \u2013 Torvegade 16<\/li>\n\n\n\n<li>4673 \u2013 EDC \u2013 R\u00f8dvig Hovedgade 35<\/li>\n\n\n\n<li>4690 \u2013 EDC \u2013 Jernbanegade 59<\/li>\n\n\n\n<li>4690 \u2013 Nybolig \u2013 Jernbanegade 51 A<\/li>\n\n\n\n<li>4700 \u2013 EDC \u2013 Ringstedgade 28<\/li>\n\n\n\n<li>4700 \u2013 EDC Erhverv \u2013 Ringstedgade 28<\/li>\n\n\n\n<li>4700 \u2013 BoligM\u00e6gler \u2013 Toldbodgade 4<\/li>\n\n\n\n<li>4700 \u2013 ErhvervsM\u00e6gler N\u00e6stved ApS \u2013 Toldbodgade 4<\/li>\n\n\n\n<li>4700 \u2013 Multi-Revision I\/S \u2013 Ringstedgade 82<\/li>\n\n\n\n<li>4700 \u2013 N\u00e6stved M\u00e6gleren ApS \u2013 Farimagsvej 10<\/li>\n\n\n\n<li>(4700 \u2013 Diba Bolig)<\/li>\n\n\n\n<li>(4736 \u2013 Diba Bolig)<\/li>\n\n\n\n<li>4736 \u2013 EDC \u2013 All\u00e9en 33<\/li>\n\n\n\n<li>4760 \u2013 EDC \u2013 Valdemarstorvet 1<\/li>\n\n\n\n<li>4780 \u2013 EDC \u2013 Storegade 33<\/li>\n\n\n\n<li>4780 \u2013 Home \u2013 Storegade 66<\/li>\n\n\n\n<li>4800 \u2013 EDC \u2013 Slotsbryggen 12<\/li>\n\n\n\n<li>4800 \u2013 RealM\u00e6glerne \u2013 Langgade 20, st.<\/li>\n\n\n\n<li>4873 \u2013 EDC \u2013 Marielyst Strandvej 48<\/li>\n\n\n\n<li>(4880 \u2013 Estate \u2013 Adelgade)<\/li>\n\n\n\n<li>4900 \u2013 EDC \u2013 Vejlegade 3<\/li>\n\n\n\n<li>4930 \u2013 EDC \u2013 Torvet 9<\/li>\n\n\n\n<li>4970 \u2013 EDC \u2013 Havnegade 9<\/li>\n\n\n\n<li>5000 \u2013 EDC \u2013 \u00d8stre Stationsvej 3-5<\/li>\n\n\n\n<li>5000 \u2013 EDC \u2013 Skibhusvej 61 A<\/li>\n\n\n\n<li>5000 \u2013 EDC \u2013 \u00c5l\u00f8kke All\u00e9 19<\/li>\n\n\n\n<li>5000 \u2013 Lilienhoff \u2013 Filosofgangen 20<\/li>\n\n\n\n<li>5210 \u2013 EDC \u2013 Rug\u00e5rdsvej 167<\/li>\n\n\n\n<li>5220 \u2013 HD Ejendomme A\/S \u2013 Unsbjergvej 2 B<\/li>\n\n\n\n<li>5230 \u2013 EDC \u2013 Hjallesevej 116<\/li>\n\n\n\n<li>5250 \u2013 EDC \u2013 Dalumvej 45<\/li>\n\n\n\n<li>5270 \u2013 EDC \u2013 Bogensevej 53<\/li>\n\n\n\n<li>(5290 \u2013 Lilienhoff \u2013 Holevvej)<\/li>\n\n\n\n<li>5300 \u2013 EDC \u2013 Langegade 40 A<\/li>\n\n\n\n<li>5400 \u2013 EDC \u2013 \u00d8stergade 16<\/li>\n\n\n\n<li>5450 \u2013 EDC \u2013 Jernbanegade 23<\/li>\n\n\n\n<li>5471 \u2013 EDC \u2013 Odensevej 16<\/li>\n\n\n\n<li>5492 \u2013 EDC \u2013 Vestergade 12<\/li>\n\n\n\n<li>5500 \u2013 EDC \u2013 \u00d8stergade 44<\/li>\n\n\n\n<li>5550 \u2013 EDC \u2013 Langeskov Centret 11<\/li>\n\n\n\n<li>5580 \u2013 EDC \u2013 \u00d8stergade 11<\/li>\n\n\n\n<li>5610 \u2013 EDC \u2013 \u00d8stergade 45<\/li>\n\n\n\n<li>5683 \u2013 EDC \u2013 Algade 29<\/li>\n\n\n\n<li>5700 \u2013 EDC \u2013 Vestergade 14 A<\/li>\n\n\n\n<li>5750 \u2013 EDC \u2013 Jernbanegade 16<\/li>\n\n\n\n<li>5800 \u2013 EDC \u2013 Korsgade 11<\/li>\n\n\n\n<li>5900 \u2013 EDC \u2013 \u00d8stergade 41<\/li>\n\n\n\n<li>6920 \u2013 EDC \u2013 Bredgade 39<\/li>\n\n\n\n<li>6950 \u2013 EDC \u2013 Lodbergsvej 2<\/li>\n\n\n\n<li>6960 \u2013 EDC \u2013 Toldbodgade 10 B<\/li>\n\n\n\n<li>7400 \u2013 EDC \u2013 \u00d8stergade 14<\/li>\n\n\n\n<li>7620 \u2013 EDC \u2013 Vestergade 26<\/li>\n\n\n\n<li>8660 \u2013 EDC Boligland I\/S \u2013 Adelgade 85 A<\/li>\n\n\n\n<li>8766 \u2013 EDC \u2013 Rosengade 20<\/li>\n\n\n\n<li>8940 \u2013 Displayhuset ApS \u2013 Messingvej 1 D<\/li>\n<\/ul>\n\n\n\n<ul class=\"wp-block-list\">\n<li>Robinhus<\/li>\n\n\n\n<li>Feriepartner<\/li>\n\n\n\n<li>Tvangsauktioner.dk<\/li>\n\n\n\n<li>Domea<\/li>\n<\/ul>\n\n\n\n<figure class=\"wp-block-image aligncenter size-large\"><img decoding=\"async\" width=\"409\" height=\"545\" src=\"https:\/\/leepix.dk\/wp-content\/uploads\/2021\/02\/Visitkort1_net.jpg\" alt=\"\" class=\"wp-image-3145\" loading=\"lazy\" srcset=\"https:\/\/leepix.dk\/wp-content\/uploads\/2021\/02\/Visitkort1_net.jpg 409w, https:\/\/leepix.dk\/wp-content\/uploads\/2021\/02\/Visitkort1_net-225x300.jpg 225w, https:\/\/leepix.dk\/wp-content\/uploads\/2021\/02\/Visitkort1_net-300x400.jpg 300w\" sizes=\"(max-width: 409px) 100vw, 409px\" \/><\/figure>\n<\/body>","protected":false},"excerpt":{"rendered":"<p>Skal du s\u00e6lge din bolig, s\u00e5 kan du springe 1-2 led over og bestille billeder, plantegning, maste-\/dronefotos og 360 graders billeder direkte hos mig. Jeg er en af Danmark\u00b4s mest flittige boligfotografer ! Siden juli 2012 har jeg skudt 6412 boliger (pr. 14.02.21) over hele Danmark. Der har v\u00e6ret salgspriser fra kr. 200.000,- til 45&#8230; <span class=\"more\"><a class=\"more-link\" href=\"https:\/\/leepix.dk\/index.php\/referencer\/\">Read More<\/a><\/span><\/p>\n","protected":false},"author":1,"featured_media":0,"parent":0,"menu_order":0,"comment_status":"closed","ping_status":"closed","template":"","meta":{"om_disable_all_campaigns":false,"_monsterinsights_skip_tracking":false,"_monsterinsights_sitenote_active":false,"_monsterinsights_sitenote_note":"","_monsterinsights_sitenote_category":0,"footnotes":""},"class_list":["post-1711","page","type-page","status-publish","hentry"],"_links":{"self":[{"href":"https:\/\/leepix.dk\/index.php\/wp-json\/wp\/v2\/pages\/1711"}],"collection":[{"href":"https:\/\/leepix.dk\/index.php\/wp-json\/wp\/v2\/pages"}],"about":[{"href":"https:\/\/leepix.dk\/index.php\/wp-json\/wp\/v2\/types\/page"}],"author":[{"embeddable":true,"href":"https:\/\/leepix.dk\/index.php\/wp-json\/wp\/v2\/users\/1"}],"replies":[{"embeddable":true,"href":"https:\/\/leepix.dk\/index.php\/wp-json\/wp\/v2\/comments?post=1711"}],"version-history":[{"count":4,"href":"https:\/\/leepix.dk\/index.php\/wp-json\/wp\/v2\/pages\/1711\/revisions"}],"predecessor-version":[{"id":3263,"href":"https:\/\/leepix.dk\/index.php\/wp-json\/wp\/v2\/pages\/1711\/revisions\/3263"}],"wp:attachment":[{"href":"https:\/\/leepix.dk\/index.php\/wp-json\/wp\/v2\/media?parent=1711"}],"curies":[{"name":"wp","href":"https:\/\/api.w.org\/{rel}","templated":true}]}}