{"id":145,"date":"2019-04-07T10:41:34","date_gmt":"2019-04-07T10:41:34","guid":{"rendered":"http:\/\/leepix.dk\/?page_id=145"},"modified":"2021-02-14T12:24:52","modified_gmt":"2021-02-14T11:24:52","slug":"about-me","status":"publish","type":"page","link":"https:\/\/leepix.dk\/index.php\/about-me\/","title":{"rendered":"Kontakt mig :-)"},"content":{"rendered":"<body>\n<div class=\"wp-block-image\"><figure class=\"aligncenter is-resized\"><img decoding=\"async\" src=\"https:\/\/leepix.dk\/wp-content\/uploads\/2019\/03\/20950_1358730092567_571743_n.jpg\" alt=\"\" class=\"wp-image-7\" width=\"308\" height=\"463\" loading=\"lazy\" srcset=\"https:\/\/leepix.dk\/wp-content\/uploads\/2019\/03\/20950_1358730092567_571743_n.jpg 402w, https:\/\/leepix.dk\/wp-content\/uploads\/2019\/03\/20950_1358730092567_571743_n-200x300.jpg 200w\" sizes=\"(max-width: 308px) 100vw, 308px\" \/><\/figure><\/div>\n\n\n\n<p>Hej og velkommen til min side. Mit navn er Tina Leegaard Dyrving, men jeg  bliver kaldt \u201cNinjaen\u201d.<\/p>\n\n\n\n<p>Jeg har v\u00e6ret selvst\u00e6ndig fotograf siden 1. juli 2004 og ELSKER mit job ! Jeg m\u00f8der s\u00e5 mange sp\u00e6ndende mennesker med hver deres historie fra og om livet og kommer ofte steder, hvor \u201cman\u201d normalt ikke f\u00e6rdes. Du m\u00f8der mig altid med et smil p\u00e5 l\u00e6ben, og jeg er evig positiv \ud83d\ude42 Du ved.. den irriterende type, som kun ser sp\u00e6ndende udfordringer frem for forhindringer..<\/p>\n\n\n\n<p class=\"has-text-align-center\">Ring, skriv eller send mig en SMS, hvis du vil have Ninjaen til at skyde noget for dig \ud83d\udcf7<\/p>\n\n\n\n<p class=\"has-text-align-center\">Jeg gl\u00e6der mig til at m\u00f8de DIG !<\/p>\n\n\n\n<p class=\"has-text-align-center\">Skriv til mig p\u00e5.. mail@leepix.dk eller ring p\u00e5 40 316 317..<\/p>\n\n\n\n<p class=\"has-text-align-center\">\u2763 <em>Livet er, hvad man g\u00f8r det til<\/em><strong> <\/strong> \u2763<\/p>\n\n\n\n<div class=\"wp-block-image\"><figure class=\"aligncenter size-large is-resized\"><img decoding=\"async\" src=\"https:\/\/leepix.dk\/wp-content\/uploads\/2019\/03\/Visitkort_new.jpg\" alt=\"\" class=\"wp-image-23\" width=\"427\" height=\"219\" loading=\"lazy\" srcset=\"https:\/\/leepix.dk\/wp-content\/uploads\/2019\/03\/Visitkort_new.jpg 980w, https:\/\/leepix.dk\/wp-content\/uploads\/2019\/03\/Visitkort_new-300x155.jpg 300w, https:\/\/leepix.dk\/wp-content\/uploads\/2019\/03\/Visitkort_new-768x396.jpg 768w, https:\/\/leepix.dk\/wp-content\/uploads\/2019\/03\/Visitkort_new-776x400.jpg 776w\" sizes=\"(max-width: 427px) 100vw, 427px\" \/><\/figure><\/div>\n\n\n\n<ul class=\"wp-block-list\"><li>Vi har brugt Tina til at tage billeder af ejendomme og personalet. Tina er virkelig dygtig og professionel \u2013 og s\u00e5 sk\u00f8nt med en fotograf, som t\u00e6nker lidt ud af boksen ! Tina f\u00e5r altid positive kommentarer fra vores s\u00e6lgere, for hun t\u00e6nker virkelig altid et par skridt foran. Derudover er det dejligt altid at blive m\u00f8dt af s\u00e5 positivt et menneske som Tina. Vi kan kun give hende vores bedste anbefalinger herfra \ud83d\ude42 <strong>Steffen H\u00f8jer, EDC 4500<\/strong><\/li><\/ul>\n\n\n\n<ul class=\"wp-block-list\"><li>Vores tilbagemeldinger fra kunderne er: \u2013 at det er en god oplevelse at have dig p\u00e5 bes\u00f8g \u2013 at du g\u00e5r op i dine opgaver \u2013 at du er god til at justere\/flytte rundt p\u00e5 ting \u2013 at du laver nogle fantastiske billeder ! <strong>Kaare Sayk, EDC 2670<\/strong><\/li><\/ul>\n\n\n\n<ul class=\"wp-block-list\"><li>Jeg kan varmt anbefale Tina som fotograf. Vi har haft forn\u00f8jelsen af at have hende tilknyttet, n\u00e5r der skulle tages billeder af feriehuse, som vi har til udlejning. Det g\u00f8r hun virkelig godt ! Hun har flair for at f\u00e5 taget billederne fra den rigtige vinkel og g\u00e5r op i, at det ogs\u00e5 godt m\u00e5 styles, s\u00e5 det ser mest indbydende ud. Hilsen <strong>Bjarne, Feriepartner<\/strong><\/li><\/ul>\n\n\n\n<ul class=\"wp-block-list\"><li>Der er f\u00e5 fotografer, jeg f\u00f8ler, jeg har f\u00e5et et forhold til, men Tina \u201cNinja\u201d er een af dem. Om det er til Late Night p\u00e5 N\u00f8rrebro Teater eller en festival, s\u00e5 er hun der med sit smilende v\u00e6sen og f\u00e5r altid nogle fede billeder i huset ! <strong>Christian Fuhlendorff, komiker<\/strong><\/li><\/ul>\n\n\n\n<ul class=\"wp-block-list\"><li>Vi har gennem en \u00e5rr\u00e6kke benyttet Tina som vores boligfotograf -med fuld tilfredshed. Tina overholder aftaler, leverer til aftalt tid og forst\u00e5r samtidig at f\u00e5 det bedste frem i hver enkelt ejendom. <strong>Jeppe Egelund Ertman, EDC 4600<\/strong><\/li><\/ul>\n\n\n\n<ul class=\"wp-block-list\"><li>Jeg har samarbejdet med Tina Leegaard Dyrving i forbindelse med mit job som ejendomsm\u00e6gler hos EDC 4700 igennem mange \u00e5r. Tina ved helt pr\u00e6cis, hvad det vil sige at tage de helt rigtige billeder \u2013 i den helt rigtige situation. Hun har styr p\u00e5 ALT, har sans og \u00f8je for detaljer, og s\u00e5 kommer hun med en masse gode id\u00e9er, der bare lige giver det ekstra touch, s\u00e5 billedet bliver helt fantastisk. Alle mine kunder, som hun har fotograferet for, har ALDRIG klaget. De er kommet med de st\u00f8rste roser, og jeg kan kun give dem ret. Hun er helt speciel og altid i godt hum\u00f8r -med et sk\u00f8nt smil og et dejligt smittende engagement. I forbindelse med opstart af mit eget firma www.anjablom.dk, vidste jeg med det samme, at det var Tina, som skulle tage mine portr\u00e6tbilleder til min hjemmeside, brochurer, visitkort og ja, s\u00e5gar ogs\u00e5 til min store reklame bag p\u00e5 bybussen, og det har jeg rigtig mange gange f\u00e5et STOR ros for ! Jeg vil derfor til enhver tid anbefale Tina og vil altid give hende min bedste anbefaling. <strong>Anja Blom, 4700<\/strong><\/li><\/ul>\n\n\n\n<ul class=\"wp-block-list\"><li>Super god oplevelse og mega l\u00e6kre billeder ! Gode forslag, og hun var ikke bange for at udfordre mig\/kunden. Hun kom til den aftalte tid og overholdt deadline p\u00e5 billeder \ud83d\ude42 <strong>Carsten Furman Ruhnau, 4600<\/strong><\/li><\/ul>\n\n\n\n<ul class=\"wp-block-list\"><li>Vi har i \u00e5revis haft gl\u00e6de af Tina\u00b4s boligbilleder til vores s\u00e6lgende kunder. Altid ros for h\u00f8j kvalitet og godt hum\u00f8r, b\u00e5de fra os og vores kunder \ud83d\ude42 Kan til enhver tid anbefale Tina ! <strong>Kim Andersen, Estate 2670+2680<\/strong><\/li><\/ul>\n\n\n\n<ul class=\"wp-block-list\"><li>Tina Leegaard Dyrving fanger stemninger og \u00f8jeblikke, s\u00e5 det f\u00f8les, som om man selv er der. Man opdager ikke engang, at hun g\u00f8r det. Hun er i sandhed en ninja med et kamera ! <strong>Lasse Rimmer, komiker<\/strong><\/li><\/ul>\n\n\n\n<ul class=\"wp-block-list\"><li>Meget im\u00f8dekommende og effektiv fotograf med sans for b\u00e5de detaljerne og helheden. Vi kunne ikke v\u00e6re mere tilfredse med billederne ! Mange hilsner fra <strong>Sabine og Mikkel, 4700<\/strong><\/li><\/ul>\n\n\n\n<ul class=\"wp-block-list\"><li>Vi har igennem flere \u00e5r haft forn\u00f8jelsen af Tina. Hun har v\u00e6ret tilknyttet de professionelle fotografer, vi bruger i vores firma. Hun har i hver eneste sag leveret et virkelig flot stykke arbejde -ogs\u00e5 selv om \u201cr\u00e5-materialet\u201d ikke altid var Amalienborg \ud83d\ude09 Udover det fagligt flotte arbejde, som Tina leverer, er hun meget vellidt blandt alle os m\u00e6glere, men ikke mindst -og vigtigst- er hun meget vellidt hos vores kunder. Det er en tillidssag at lukke en \u201cfremmed\u201d ind og f\u00e5 udstillet sit private hjem, men Tina g\u00f8r det s\u00e5 godt ! <strong>Karina, EDC 4900<\/strong><\/li><\/ul>\n\n\n\n<ul class=\"wp-block-list\"><li>Professionel, effektiv, kreativ, hurtig, dygtig, humoristisk ! Jeg giver hende de bedste anbefalinger ! <strong>Kim Dalgaard Larsen, BoligM\u00e6gler 4700<\/strong><\/li><\/ul>\n\n\n\n<ul class=\"wp-block-list\"><li>Jeg m\u00f8dte Tina, da hun tog billeder af min s\u00f8n\u00b4s parcelhus, der skulle s\u00e6lges. Hendes tilgang til tingene tiltalte mig, og derfor virkede det naturligt at kontakte hende, da jeg havde brug for nogle nye portr\u00e6t-billeder. Dem blev jeg rigtig godt tilfreds med, og siden fotograferede Tina vores store g\u00e5rd, da den skulle p\u00e5 boligmarkedet. Jeg tror helt sikkert, at hendes flotte billeder var en medvirkende \u00e5rsag til, at s\u00e5vel min s\u00f8n\u00b4s hus samt vores g\u00e5rd blev solgt ret hurtigt. <strong>Dorte Roholte, forfatter<\/strong><\/li><\/ul>\n\n\n\n<ul class=\"wp-block-list\"><li>Vi har benyttet Tina\u00b4s ekspertise til at tage billeder af de huse, som skal s\u00e6lges. Tina er meget kundevenlig, hun form\u00e5r at lave god og sjov ping-pong med vore s\u00e6lgere. Tina form\u00e5r at lave realistiske billeder, og hun er god til at inddrage vore s\u00e6lgere, s\u00e5 billederne pr\u00e6senterer deres huse perfekt. Tina overholder alle aftaler, s\u00e5 jeg kan varmt anbefale hende som fotograf. Bonus-info: Hun kommer med hjemmelavet slik til jul \ud83d\ude42 Med venlig hilsen <strong>Nicky Rud, EDC 4700<\/strong><\/li><\/ul>\n\n\n\n<ul class=\"wp-block-list\"><li>En rigtig god oplevelse blev det at m\u00f8de fotografen Tina, der i forbindelse med salg af mit hus tog nogle fantastiske billeder ! Hun er professionel og er derudover i besiddelse af stor entusiasme og im\u00f8dekommenhed \ud83d\ude42 <strong>Bente, 4690<\/strong><\/li><\/ul>\n\n\n\n<ul class=\"wp-block-list\"><li>Vi har v\u00e6ret yderst tilfredse med Tina\u00b4s arbejde som fotograf af vores sommerhuse de seneste 5 \u00e5r. Hun har v\u00e6ret s\u00e6rdeles god til at tage billederne fra de rette vinkler og er meget let at kommunikere med, n\u00e5r der er specialopgaver. Venlig hilsen <strong>Per Liljegren, EDC 4736<\/strong><\/li><\/ul>\n\n\n\n<ul class=\"wp-block-list\"><li>Ved salg af vores lejlighed var det Tina, som fotograferede. Det var effektivt p\u00e5 den gode m\u00e5de, og billederne fremh\u00e6vede p\u00e5 bedste og \u00e6rlig vis alle de ting, som vi var glade for ved lejligheden. Hilsen <strong>Lene og Claus, 4700<\/strong><\/li><\/ul>\n\n\n\n<ul class=\"wp-block-list\"><li>I forbindelse med salg af mit hus, blev der af EDC sendt en ung, frisk og meget professionel fotograf -med sans for detaljer. Tusind tak for det ! <strong>Lars Riis, 4690<\/strong><\/li><\/ul>\n\n\n\n<ul class=\"wp-block-list\"><li>Kan helt klart anbefales ! Hilsen <strong>Kasper Pedersen, EDC 4760<\/strong><\/li><\/ul>\n\n\n\n<ul class=\"wp-block-list\"><li>Vi er meget sp\u00e6ndte p\u00e5 at se billeder fra vores store bryllupsdag \ud83d\ude42 Du skal have stor respekt for en super professionalisme, som vi synes, du lagde i det, og at du er mega jordn\u00e6r ! Tak for nogle hyggelige timer sammen ! Vi gl\u00e6der os til at se de f\u00e6rdige resultater \ud83d\ude42 <strong>Mia og Kasper, 4700<\/strong><\/li><\/ul>\n\n\n\n<figure class=\"wp-block-gallery aligncenter columns-1 is-cropped wp-block-gallery-1 is-layout-flex wp-block-gallery-is-layout-flex\"><ul class=\"blocks-gallery-grid\"><li class=\"blocks-gallery-item\"><figure><img decoding=\"async\" width=\"960\" height=\"616\" src=\"https:\/\/leepix.dk\/wp-content\/uploads\/2019\/04\/10599430_10152420331944864_1316524223736295259_n.jpg\" alt=\"\" data-id=\"189\" data-full-url=\"https:\/\/leepix.dk\/wp-content\/uploads\/2019\/04\/10599430_10152420331944864_1316524223736295259_n.jpg\" data-link=\"https:\/\/leepix.dk\/10599430_10152420331944864_1316524223736295259_n\/\" class=\"wp-image-189\" loading=\"lazy\" srcset=\"https:\/\/leepix.dk\/wp-content\/uploads\/2019\/04\/10599430_10152420331944864_1316524223736295259_n.jpg 960w, https:\/\/leepix.dk\/wp-content\/uploads\/2019\/04\/10599430_10152420331944864_1316524223736295259_n-300x193.jpg 300w, https:\/\/leepix.dk\/wp-content\/uploads\/2019\/04\/10599430_10152420331944864_1316524223736295259_n-768x493.jpg 768w, https:\/\/leepix.dk\/wp-content\/uploads\/2019\/04\/10599430_10152420331944864_1316524223736295259_n-623x400.jpg 623w\" sizes=\"(max-width: 960px) 100vw, 960px\" \/><\/figure><\/li><\/ul><figcaption class=\"blocks-gallery-caption\"><sub><sup>Credit: Allan H\u00f8gholm Henriksen<\/sup><\/sub><\/figcaption><\/figure>\n\n\n\n<p><\/p>\n<\/body>","protected":false},"excerpt":{"rendered":"<p>Hej og velkommen til min side. Mit navn er Tina Leegaard Dyrving, men jeg bliver kaldt \u201cNinjaen\u201d. Jeg har v\u00e6ret selvst\u00e6ndig fotograf siden 1. juli 2004 og ELSKER mit job ! Jeg m\u00f8der s\u00e5 mange sp\u00e6ndende mennesker med hver deres historie fra og om livet og kommer ofte steder, hvor \u201cman\u201d normalt ikke f\u00e6rdes. Du&#8230; <span class=\"more\"><a class=\"more-link\" href=\"https:\/\/leepix.dk\/index.php\/about-me\/\">Read More<\/a><\/span><\/p>\n","protected":false},"author":1,"featured_media":0,"parent":0,"menu_order":0,"comment_status":"closed","ping_status":"closed","template":"","meta":{"om_disable_all_campaigns":false,"_monsterinsights_skip_tracking":false,"_monsterinsights_sitenote_active":false,"_monsterinsights_sitenote_note":"","_monsterinsights_sitenote_category":0,"footnotes":""},"class_list":["post-145","page","type-page","status-publish","hentry"],"_links":{"self":[{"href":"https:\/\/leepix.dk\/index.php\/wp-json\/wp\/v2\/pages\/145"}],"collection":[{"href":"https:\/\/leepix.dk\/index.php\/wp-json\/wp\/v2\/pages"}],"about":[{"href":"https:\/\/leepix.dk\/index.php\/wp-json\/wp\/v2\/types\/page"}],"author":[{"embeddable":true,"href":"https:\/\/leepix.dk\/index.php\/wp-json\/wp\/v2\/users\/1"}],"replies":[{"embeddable":true,"href":"https:\/\/leepix.dk\/index.php\/wp-json\/wp\/v2\/comments?post=145"}],"version-history":[{"count":47,"href":"https:\/\/leepix.dk\/index.php\/wp-json\/wp\/v2\/pages\/145\/revisions"}],"predecessor-version":[{"id":3131,"href":"https:\/\/leepix.dk\/index.php\/wp-json\/wp\/v2\/pages\/145\/revisions\/3131"}],"wp:attachment":[{"href":"https:\/\/leepix.dk\/index.php\/wp-json\/wp\/v2\/media?parent=145"}],"curies":[{"name":"wp","href":"https:\/\/api.w.org\/{rel}","templated":true}]}}